{"id":322,"date":"2017-01-25T07:00:13","date_gmt":"2017-01-25T07:00:13","guid":{"rendered":"http:\/\/www.locksearchgroup.com\/fr\/?page_id=322"},"modified":"2024-10-02T11:28:15","modified_gmt":"2024-10-02T15:28:15","slug":"au-sujet-du-groupe-lock","status":"publish","type":"page","link":"https:\/\/www.locksearchgroup.com\/fr\/au-sujet-du-groupe-lock\/","title":{"rendered":"Au sujet du Groupe Lock"},"content":{"rendered":"<h2>Notre engagement<\/h2>\n<p>Notre mission est d\u2019offrir un service de recrutement et de consultation exceptionnel \u00e0 nos clients et \u00e0 nos candidats. Nous recourons \u00e0 notre exp\u00e9rience et \u00e0 notre expertise pour fournir des solutions personnalis\u00e9es qui misent sur les besoins de nos clients et les objectifs de nos candidats.<\/p>\n<h2>Notre culture<\/h2>\n<p>Nos valeurs et nos pratiques sont fond\u00e9es sur le d\u00e9veloppement de relations d&#8217;affaires durables, au moyen de communications franches et ouvertes.<\/p>\n<p>Nous sommes fiers du fait que nous nous y connaissons, que nous sommes bien connect\u00e9s et que nous sommes des professionnels, et que nous ne nous prenons pas trop au s\u00e9rieux. Apr\u00e8s tout, il est important que le travail soit agr\u00e9able!<\/p>\n<p>\u00catre accessible, faire partie de l\u2019\u00e9quipe et agir avec int\u00e9grit\u00e9 : voil\u00e0 ce qui distingue le Groupe Lock depuis ses d\u00e9buts.<\/p>\n<h2>Notre histoire<\/h2>\n<p>Le Groupe Lock a \u00e9t\u00e9 fond\u00e9 en 1983. Notre petit bureau compos\u00e9 \u00e0 ses d\u00e9buts de six employ\u00e9s \u00e0 Vancouver s\u2019est d\u00e9velopp\u00e9 pour devenir un r\u00e9seau de 12 bureaux au Canada et d\u2019un aux \u00c9tats-Unis.<\/p>\n<p>Pouvant compter sur un personnel de plus de 50 conseillers et associ\u00e9s en recrutement, LSG est fier d\u2019\u00eatre en mesure de fournir une v\u00e9ritable solution nationale.<\/p>\n<p>Un grand nombre de nos clients ont des bureaux aux \u00c9tats-Unis, et beaucoup de nos clients am\u00e9ricains ont des divisions canadiennes. Nous offrons un service int\u00e9gr\u00e9 \u00e0 tous.<\/p>\n","protected":false},"excerpt":{"rendered":"<p>Notre engagement Notre mission est d\u2019offrir un service de recrutement et de consultation exceptionnel \u00e0 nos clients et \u00e0 nos&#8230;<\/p>\n","protected":false},"author":1,"featured_media":0,"parent":0,"menu_order":0,"comment_status":"closed","ping_status":"open","template":"","meta":{"_acf_changed":false,"inline_featured_image":false,"footnotes":""},"class_list":["post-322","page","type-page","status-publish","hentry"],"acf":[],"yoast_head":"<!-- This site is optimized with the Yoast SEO plugin v27.5 - https:\/\/yoast.com\/product\/yoast-seo-wordpress\/ -->\n<title>Au sujet du Groupe Lock - Lock Search Group<\/title>\n<meta name=\"description\" content=\"Le Groupe Lock est une agence nationale de recrutement de cadres. Nos recruteurs sont des sp\u00e9cialistes dans leurs secteurs. Nous sommes des experts dans la recherche d&#039;emploi et le changement de carri\u00e8re. Appelez-nous au 1-877-669-8806 d\u00e8s aujourd&#039;hui!\" \/>\n<meta name=\"robots\" content=\"index, follow, max-snippet:-1, max-image-preview:large, max-video-preview:-1\" \/>\n<link rel=\"canonical\" href=\"https:\/\/www.locksearchgroup.com\/fr\/au-sujet-du-groupe-lock\/\" \/>\n<meta property=\"og:locale\" content=\"fr_FR\" \/>\n<meta property=\"og:type\" content=\"article\" \/>\n<meta property=\"og:title\" content=\"Au sujet du Groupe Lock - Lock Search Group\" \/>\n<meta property=\"og:description\" content=\"Le Groupe Lock est une agence nationale de recrutement de cadres. Nos recruteurs sont des sp\u00e9cialistes dans leurs secteurs. Nous sommes des experts dans la recherche d&#039;emploi et le changement de carri\u00e8re. Appelez-nous au 1-877-669-8806 d\u00e8s aujourd&#039;hui!\" \/>\n<meta property=\"og:url\" content=\"https:\/\/www.locksearchgroup.com\/fr\/au-sujet-du-groupe-lock\/\" \/>\n<meta property=\"og:site_name\" content=\"Lock Search Group\" \/>\n<meta property=\"article:publisher\" content=\"https:\/\/www.facebook.com\/Lock-Search-Group-213975741984409\/\" \/>\n<meta property=\"article:modified_time\" content=\"2024-10-02T15:28:15+00:00\" \/>\n<meta name=\"twitter:card\" content=\"summary_large_image\" \/>\n<meta name=\"twitter:site\" content=\"@LockSearchGroup\" \/>\n<meta name=\"twitter:label1\" content=\"Est. reading time\" \/>\n\t<meta name=\"twitter:data1\" content=\"2 minutes\" \/>\n<script type=\"application\/ld+json\" class=\"yoast-schema-graph\">{\"@context\":\"https:\\\/\\\/schema.org\",\"@graph\":[{\"@type\":\"WebPage\",\"@id\":\"https:\\\/\\\/www.locksearchgroup.com\\\/fr\\\/au-sujet-du-groupe-lock\\\/\",\"url\":\"https:\\\/\\\/www.locksearchgroup.com\\\/fr\\\/au-sujet-du-groupe-lock\\\/\",\"name\":\"Au sujet du Groupe Lock - Lock Search Group\",\"isPartOf\":{\"@id\":\"https:\\\/\\\/www.locksearchgroup.com\\\/fr\\\/#website\"},\"datePublished\":\"2017-01-25T07:00:13+00:00\",\"dateModified\":\"2024-10-02T15:28:15+00:00\",\"description\":\"Le Groupe Lock est une agence nationale de recrutement de cadres. Nos recruteurs sont des sp\u00e9cialistes dans leurs secteurs. Nous sommes des experts dans la recherche d'emploi et le changement de carri\u00e8re. Appelez-nous au 1-877-669-8806 d\u00e8s aujourd'hui!\",\"breadcrumb\":{\"@id\":\"https:\\\/\\\/www.locksearchgroup.com\\\/fr\\\/au-sujet-du-groupe-lock\\\/#breadcrumb\"},\"inLanguage\":\"fr-FR\",\"potentialAction\":[{\"@type\":\"ReadAction\",\"target\":[\"https:\\\/\\\/www.locksearchgroup.com\\\/fr\\\/au-sujet-du-groupe-lock\\\/\"]}]},{\"@type\":\"BreadcrumbList\",\"@id\":\"https:\\\/\\\/www.locksearchgroup.com\\\/fr\\\/au-sujet-du-groupe-lock\\\/#breadcrumb\",\"itemListElement\":[{\"@type\":\"ListItem\",\"position\":1,\"name\":\"Home\",\"item\":\"https:\\\/\\\/www.locksearchgroup.com\\\/fr\\\/\"},{\"@type\":\"ListItem\",\"position\":2,\"name\":\"Au sujet du Groupe Lock\"}]},{\"@type\":\"WebSite\",\"@id\":\"https:\\\/\\\/www.locksearchgroup.com\\\/fr\\\/#website\",\"url\":\"https:\\\/\\\/www.locksearchgroup.com\\\/fr\\\/\",\"name\":\"Lock Search Group\",\"description\":\"\",\"publisher\":{\"@id\":\"https:\\\/\\\/www.locksearchgroup.com\\\/fr\\\/#organization\"},\"potentialAction\":[{\"@type\":\"SearchAction\",\"target\":{\"@type\":\"EntryPoint\",\"urlTemplate\":\"https:\\\/\\\/www.locksearchgroup.com\\\/fr\\\/?s={search_term_string}\"},\"query-input\":{\"@type\":\"PropertyValueSpecification\",\"valueRequired\":true,\"valueName\":\"search_term_string\"}}],\"inLanguage\":\"fr-FR\"},{\"@type\":\"Organization\",\"@id\":\"https:\\\/\\\/www.locksearchgroup.com\\\/fr\\\/#organization\",\"name\":\"Lock Search Group\",\"url\":\"https:\\\/\\\/www.locksearchgroup.com\\\/fr\\\/\",\"logo\":{\"@type\":\"ImageObject\",\"inLanguage\":\"fr-FR\",\"@id\":\"https:\\\/\\\/www.locksearchgroup.com\\\/fr\\\/#\\\/schema\\\/logo\\\/image\\\/\",\"url\":\"https:\\\/\\\/www.locksearchgroup.com\\\/wp-content\\\/uploads\\\/2021\\\/03\\\/Lock-Search-Group-English-Logo-500.png\",\"contentUrl\":\"https:\\\/\\\/www.locksearchgroup.com\\\/wp-content\\\/uploads\\\/2021\\\/03\\\/Lock-Search-Group-English-Logo-500.png\",\"width\":500,\"height\":241,\"caption\":\"Lock Search Group\"},\"image\":{\"@id\":\"https:\\\/\\\/www.locksearchgroup.com\\\/fr\\\/#\\\/schema\\\/logo\\\/image\\\/\"},\"sameAs\":[\"https:\\\/\\\/www.facebook.com\\\/Lock-Search-Group-213975741984409\\\/\",\"https:\\\/\\\/x.com\\\/LockSearchGroup\",\"https:\\\/\\\/www.linkedin.com\\\/company-beta\\\/28792\\\/\",\"https:\\\/\\\/www.youtube.com\\\/user\\\/LockSearchGroup\",\"https:\\\/\\\/www.trustpilot.com\\\/review\\\/locksearchgroup.com\",\"https:\\\/\\\/clutch.co\\\/profile\\\/lock-search-group\",\"https:\\\/\\\/www.forbes.com\\\/companies\\\/lock-search-group\\\/?list=canada-best-executive-recruiting-firms\"]}]}<\/script>\n<!-- \/ Yoast SEO plugin. -->","yoast_head_json":{"title":"Au sujet du Groupe Lock - Lock Search Group","description":"Le Groupe Lock est une agence nationale de recrutement de cadres. Nos recruteurs sont des sp\u00e9cialistes dans leurs secteurs. Nous sommes des experts dans la recherche d'emploi et le changement de carri\u00e8re. Appelez-nous au 1-877-669-8806 d\u00e8s aujourd'hui!","robots":{"index":"index","follow":"follow","max-snippet":"max-snippet:-1","max-image-preview":"max-image-preview:large","max-video-preview":"max-video-preview:-1"},"canonical":"https:\/\/www.locksearchgroup.com\/fr\/au-sujet-du-groupe-lock\/","og_locale":"fr_FR","og_type":"article","og_title":"Au sujet du Groupe Lock - Lock Search Group","og_description":"Le Groupe Lock est une agence nationale de recrutement de cadres. Nos recruteurs sont des sp\u00e9cialistes dans leurs secteurs. Nous sommes des experts dans la recherche d'emploi et le changement de carri\u00e8re. Appelez-nous au 1-877-669-8806 d\u00e8s aujourd'hui!","og_url":"https:\/\/www.locksearchgroup.com\/fr\/au-sujet-du-groupe-lock\/","og_site_name":"Lock Search Group","article_publisher":"https:\/\/www.facebook.com\/Lock-Search-Group-213975741984409\/","article_modified_time":"2024-10-02T15:28:15+00:00","twitter_card":"summary_large_image","twitter_site":"@LockSearchGroup","twitter_misc":{"Est. reading time":"2 minutes"},"schema":{"@context":"https:\/\/schema.org","@graph":[{"@type":"WebPage","@id":"https:\/\/www.locksearchgroup.com\/fr\/au-sujet-du-groupe-lock\/","url":"https:\/\/www.locksearchgroup.com\/fr\/au-sujet-du-groupe-lock\/","name":"Au sujet du Groupe Lock - Lock Search Group","isPartOf":{"@id":"https:\/\/www.locksearchgroup.com\/fr\/#website"},"datePublished":"2017-01-25T07:00:13+00:00","dateModified":"2024-10-02T15:28:15+00:00","description":"Le Groupe Lock est une agence nationale de recrutement de cadres. Nos recruteurs sont des sp\u00e9cialistes dans leurs secteurs. Nous sommes des experts dans la recherche d'emploi et le changement de carri\u00e8re. Appelez-nous au 1-877-669-8806 d\u00e8s aujourd'hui!","breadcrumb":{"@id":"https:\/\/www.locksearchgroup.com\/fr\/au-sujet-du-groupe-lock\/#breadcrumb"},"inLanguage":"fr-FR","potentialAction":[{"@type":"ReadAction","target":["https:\/\/www.locksearchgroup.com\/fr\/au-sujet-du-groupe-lock\/"]}]},{"@type":"BreadcrumbList","@id":"https:\/\/www.locksearchgroup.com\/fr\/au-sujet-du-groupe-lock\/#breadcrumb","itemListElement":[{"@type":"ListItem","position":1,"name":"Home","item":"https:\/\/www.locksearchgroup.com\/fr\/"},{"@type":"ListItem","position":2,"name":"Au sujet du Groupe Lock"}]},{"@type":"WebSite","@id":"https:\/\/www.locksearchgroup.com\/fr\/#website","url":"https:\/\/www.locksearchgroup.com\/fr\/","name":"Lock Search Group","description":"","publisher":{"@id":"https:\/\/www.locksearchgroup.com\/fr\/#organization"},"potentialAction":[{"@type":"SearchAction","target":{"@type":"EntryPoint","urlTemplate":"https:\/\/www.locksearchgroup.com\/fr\/?s={search_term_string}"},"query-input":{"@type":"PropertyValueSpecification","valueRequired":true,"valueName":"search_term_string"}}],"inLanguage":"fr-FR"},{"@type":"Organization","@id":"https:\/\/www.locksearchgroup.com\/fr\/#organization","name":"Lock Search Group","url":"https:\/\/www.locksearchgroup.com\/fr\/","logo":{"@type":"ImageObject","inLanguage":"fr-FR","@id":"https:\/\/www.locksearchgroup.com\/fr\/#\/schema\/logo\/image\/","url":"https:\/\/www.locksearchgroup.com\/wp-content\/uploads\/2021\/03\/Lock-Search-Group-English-Logo-500.png","contentUrl":"https:\/\/www.locksearchgroup.com\/wp-content\/uploads\/2021\/03\/Lock-Search-Group-English-Logo-500.png","width":500,"height":241,"caption":"Lock Search Group"},"image":{"@id":"https:\/\/www.locksearchgroup.com\/fr\/#\/schema\/logo\/image\/"},"sameAs":["https:\/\/www.facebook.com\/Lock-Search-Group-213975741984409\/","https:\/\/x.com\/LockSearchGroup","https:\/\/www.linkedin.com\/company-beta\/28792\/","https:\/\/www.youtube.com\/user\/LockSearchGroup","https:\/\/www.trustpilot.com\/review\/locksearchgroup.com","https:\/\/clutch.co\/profile\/lock-search-group","https:\/\/www.forbes.com\/companies\/lock-search-group\/?list=canada-best-executive-recruiting-firms"]}]}},"_links":{"self":[{"href":"https:\/\/www.locksearchgroup.com\/fr\/wp-json\/wp\/v2\/pages\/322","targetHints":{"allow":["GET"]}}],"collection":[{"href":"https:\/\/www.locksearchgroup.com\/fr\/wp-json\/wp\/v2\/pages"}],"about":[{"href":"https:\/\/www.locksearchgroup.com\/fr\/wp-json\/wp\/v2\/types\/page"}],"author":[{"embeddable":true,"href":"https:\/\/www.locksearchgroup.com\/fr\/wp-json\/wp\/v2\/users\/1"}],"replies":[{"embeddable":true,"href":"https:\/\/www.locksearchgroup.com\/fr\/wp-json\/wp\/v2\/comments?post=322"}],"version-history":[{"count":5,"href":"https:\/\/www.locksearchgroup.com\/fr\/wp-json\/wp\/v2\/pages\/322\/revisions"}],"predecessor-version":[{"id":18438,"href":"https:\/\/www.locksearchgroup.com\/fr\/wp-json\/wp\/v2\/pages\/322\/revisions\/18438"}],"wp:attachment":[{"href":"https:\/\/www.locksearchgroup.com\/fr\/wp-json\/wp\/v2\/media?parent=322"}],"curies":[{"name":"wp","href":"https:\/\/api.w.org\/{rel}","templated":true}]}}