{"id":374,"date":"2017-01-25T08:15:28","date_gmt":"2017-01-25T08:15:28","guid":{"rendered":"http:\/\/www.locksearchgroup.com\/fr\/?page_id=374"},"modified":"2017-04-05T09:31:43","modified_gmt":"2017-04-05T09:31:43","slug":"contactez-nous","status":"publish","type":"page","link":"https:\/\/www.locksearchgroup.com\/fr\/contactez-nous\/","title":{"rendered":"Contactez-nous"},"content":{"rendered":"","protected":false},"excerpt":{"rendered":"","protected":false},"author":1,"featured_media":0,"parent":0,"menu_order":0,"comment_status":"closed","ping_status":"closed","template":"page-templates\/contact.php","meta":{"_acf_changed":false,"inline_featured_image":false,"footnotes":""},"class_list":["post-374","page","type-page","status-publish","hentry"],"acf":[],"yoast_head":"<!-- This site is optimized with the Yoast SEO plugin v27.5 - https:\/\/yoast.com\/product\/yoast-seo-wordpress\/ -->\n<title>Contactez-nous - Lock Search Group<\/title>\n<meta name=\"description\" content=\"Gr\u00e2ce \u00e0 notre r\u00e9seau de bureaux \u00e0 travers le Canada, vous pouvez entrer en contact avec le recruteur le plus pr\u00e8s de chez vous. Laissez un conseiller exp\u00e9riment\u00e9 en recrutement vous aider dans votre recherche d\u2019emploi. Appelez-nous au 1-877-669-8806 d\u00e8s aujourd&#039;hui!\" \/>\n<meta name=\"robots\" content=\"index, follow, max-snippet:-1, max-image-preview:large, max-video-preview:-1\" \/>\n<link rel=\"canonical\" href=\"https:\/\/www.locksearchgroup.com\/fr\/contactez-nous\/\" \/>\n<meta property=\"og:locale\" content=\"fr_FR\" \/>\n<meta property=\"og:type\" content=\"article\" \/>\n<meta property=\"og:title\" content=\"Contactez-nous - Lock Search Group\" \/>\n<meta property=\"og:description\" content=\"Gr\u00e2ce \u00e0 notre r\u00e9seau de bureaux \u00e0 travers le Canada, vous pouvez entrer en contact avec le recruteur le plus pr\u00e8s de chez vous. Laissez un conseiller exp\u00e9riment\u00e9 en recrutement vous aider dans votre recherche d\u2019emploi. Appelez-nous au 1-877-669-8806 d\u00e8s aujourd&#039;hui!\" \/>\n<meta property=\"og:url\" content=\"https:\/\/www.locksearchgroup.com\/fr\/contactez-nous\/\" \/>\n<meta property=\"og:site_name\" content=\"Lock Search Group\" \/>\n<meta property=\"article:publisher\" content=\"https:\/\/www.facebook.com\/Lock-Search-Group-213975741984409\/\" \/>\n<meta property=\"article:modified_time\" content=\"2017-04-05T09:31:43+00:00\" \/>\n<meta name=\"twitter:card\" content=\"summary_large_image\" \/>\n<meta name=\"twitter:site\" content=\"@LockSearchGroup\" \/>\n<script type=\"application\/ld+json\" class=\"yoast-schema-graph\">{\"@context\":\"https:\\\/\\\/schema.org\",\"@graph\":[{\"@type\":\"WebPage\",\"@id\":\"https:\\\/\\\/www.locksearchgroup.com\\\/fr\\\/contactez-nous\\\/\",\"url\":\"https:\\\/\\\/www.locksearchgroup.com\\\/fr\\\/contactez-nous\\\/\",\"name\":\"Contactez-nous - Lock Search Group\",\"isPartOf\":{\"@id\":\"https:\\\/\\\/www.locksearchgroup.com\\\/fr\\\/#website\"},\"datePublished\":\"2017-01-25T08:15:28+00:00\",\"dateModified\":\"2017-04-05T09:31:43+00:00\",\"description\":\"Gr\u00e2ce \u00e0 notre r\u00e9seau de bureaux \u00e0 travers le Canada, vous pouvez entrer en contact avec le recruteur le plus pr\u00e8s de chez vous. Laissez un conseiller exp\u00e9riment\u00e9 en recrutement vous aider dans votre recherche d\u2019emploi. Appelez-nous au 1-877-669-8806 d\u00e8s aujourd'hui!\",\"breadcrumb\":{\"@id\":\"https:\\\/\\\/www.locksearchgroup.com\\\/fr\\\/contactez-nous\\\/#breadcrumb\"},\"inLanguage\":\"fr-FR\",\"potentialAction\":[{\"@type\":\"ReadAction\",\"target\":[\"https:\\\/\\\/www.locksearchgroup.com\\\/fr\\\/contactez-nous\\\/\"]}]},{\"@type\":\"BreadcrumbList\",\"@id\":\"https:\\\/\\\/www.locksearchgroup.com\\\/fr\\\/contactez-nous\\\/#breadcrumb\",\"itemListElement\":[{\"@type\":\"ListItem\",\"position\":1,\"name\":\"Home\",\"item\":\"https:\\\/\\\/www.locksearchgroup.com\\\/fr\\\/\"},{\"@type\":\"ListItem\",\"position\":2,\"name\":\"Contactez-nous\"}]},{\"@type\":\"WebSite\",\"@id\":\"https:\\\/\\\/www.locksearchgroup.com\\\/fr\\\/#website\",\"url\":\"https:\\\/\\\/www.locksearchgroup.com\\\/fr\\\/\",\"name\":\"Lock Search Group\",\"description\":\"\",\"publisher\":{\"@id\":\"https:\\\/\\\/www.locksearchgroup.com\\\/fr\\\/#organization\"},\"potentialAction\":[{\"@type\":\"SearchAction\",\"target\":{\"@type\":\"EntryPoint\",\"urlTemplate\":\"https:\\\/\\\/www.locksearchgroup.com\\\/fr\\\/?s={search_term_string}\"},\"query-input\":{\"@type\":\"PropertyValueSpecification\",\"valueRequired\":true,\"valueName\":\"search_term_string\"}}],\"inLanguage\":\"fr-FR\"},{\"@type\":\"Organization\",\"@id\":\"https:\\\/\\\/www.locksearchgroup.com\\\/fr\\\/#organization\",\"name\":\"Lock Search Group\",\"url\":\"https:\\\/\\\/www.locksearchgroup.com\\\/fr\\\/\",\"logo\":{\"@type\":\"ImageObject\",\"inLanguage\":\"fr-FR\",\"@id\":\"https:\\\/\\\/www.locksearchgroup.com\\\/fr\\\/#\\\/schema\\\/logo\\\/image\\\/\",\"url\":\"https:\\\/\\\/www.locksearchgroup.com\\\/wp-content\\\/uploads\\\/2021\\\/03\\\/Lock-Search-Group-English-Logo-500.png\",\"contentUrl\":\"https:\\\/\\\/www.locksearchgroup.com\\\/wp-content\\\/uploads\\\/2021\\\/03\\\/Lock-Search-Group-English-Logo-500.png\",\"width\":500,\"height\":241,\"caption\":\"Lock Search Group\"},\"image\":{\"@id\":\"https:\\\/\\\/www.locksearchgroup.com\\\/fr\\\/#\\\/schema\\\/logo\\\/image\\\/\"},\"sameAs\":[\"https:\\\/\\\/www.facebook.com\\\/Lock-Search-Group-213975741984409\\\/\",\"https:\\\/\\\/x.com\\\/LockSearchGroup\",\"https:\\\/\\\/www.linkedin.com\\\/company-beta\\\/28792\\\/\",\"https:\\\/\\\/www.youtube.com\\\/user\\\/LockSearchGroup\",\"https:\\\/\\\/www.trustpilot.com\\\/review\\\/locksearchgroup.com\",\"https:\\\/\\\/clutch.co\\\/profile\\\/lock-search-group\",\"https:\\\/\\\/www.forbes.com\\\/companies\\\/lock-search-group\\\/?list=canada-best-executive-recruiting-firms\"]}]}<\/script>\n<!-- \/ Yoast SEO plugin. -->","yoast_head_json":{"title":"Contactez-nous - Lock Search Group","description":"Gr\u00e2ce \u00e0 notre r\u00e9seau de bureaux \u00e0 travers le Canada, vous pouvez entrer en contact avec le recruteur le plus pr\u00e8s de chez vous. Laissez un conseiller exp\u00e9riment\u00e9 en recrutement vous aider dans votre recherche d\u2019emploi. Appelez-nous au 1-877-669-8806 d\u00e8s aujourd'hui!","robots":{"index":"index","follow":"follow","max-snippet":"max-snippet:-1","max-image-preview":"max-image-preview:large","max-video-preview":"max-video-preview:-1"},"canonical":"https:\/\/www.locksearchgroup.com\/fr\/contactez-nous\/","og_locale":"fr_FR","og_type":"article","og_title":"Contactez-nous - Lock Search Group","og_description":"Gr\u00e2ce \u00e0 notre r\u00e9seau de bureaux \u00e0 travers le Canada, vous pouvez entrer en contact avec le recruteur le plus pr\u00e8s de chez vous. Laissez un conseiller exp\u00e9riment\u00e9 en recrutement vous aider dans votre recherche d\u2019emploi. Appelez-nous au 1-877-669-8806 d\u00e8s aujourd'hui!","og_url":"https:\/\/www.locksearchgroup.com\/fr\/contactez-nous\/","og_site_name":"Lock Search Group","article_publisher":"https:\/\/www.facebook.com\/Lock-Search-Group-213975741984409\/","article_modified_time":"2017-04-05T09:31:43+00:00","twitter_card":"summary_large_image","twitter_site":"@LockSearchGroup","schema":{"@context":"https:\/\/schema.org","@graph":[{"@type":"WebPage","@id":"https:\/\/www.locksearchgroup.com\/fr\/contactez-nous\/","url":"https:\/\/www.locksearchgroup.com\/fr\/contactez-nous\/","name":"Contactez-nous - Lock Search Group","isPartOf":{"@id":"https:\/\/www.locksearchgroup.com\/fr\/#website"},"datePublished":"2017-01-25T08:15:28+00:00","dateModified":"2017-04-05T09:31:43+00:00","description":"Gr\u00e2ce \u00e0 notre r\u00e9seau de bureaux \u00e0 travers le Canada, vous pouvez entrer en contact avec le recruteur le plus pr\u00e8s de chez vous. Laissez un conseiller exp\u00e9riment\u00e9 en recrutement vous aider dans votre recherche d\u2019emploi. Appelez-nous au 1-877-669-8806 d\u00e8s aujourd'hui!","breadcrumb":{"@id":"https:\/\/www.locksearchgroup.com\/fr\/contactez-nous\/#breadcrumb"},"inLanguage":"fr-FR","potentialAction":[{"@type":"ReadAction","target":["https:\/\/www.locksearchgroup.com\/fr\/contactez-nous\/"]}]},{"@type":"BreadcrumbList","@id":"https:\/\/www.locksearchgroup.com\/fr\/contactez-nous\/#breadcrumb","itemListElement":[{"@type":"ListItem","position":1,"name":"Home","item":"https:\/\/www.locksearchgroup.com\/fr\/"},{"@type":"ListItem","position":2,"name":"Contactez-nous"}]},{"@type":"WebSite","@id":"https:\/\/www.locksearchgroup.com\/fr\/#website","url":"https:\/\/www.locksearchgroup.com\/fr\/","name":"Lock Search Group","description":"","publisher":{"@id":"https:\/\/www.locksearchgroup.com\/fr\/#organization"},"potentialAction":[{"@type":"SearchAction","target":{"@type":"EntryPoint","urlTemplate":"https:\/\/www.locksearchgroup.com\/fr\/?s={search_term_string}"},"query-input":{"@type":"PropertyValueSpecification","valueRequired":true,"valueName":"search_term_string"}}],"inLanguage":"fr-FR"},{"@type":"Organization","@id":"https:\/\/www.locksearchgroup.com\/fr\/#organization","name":"Lock Search Group","url":"https:\/\/www.locksearchgroup.com\/fr\/","logo":{"@type":"ImageObject","inLanguage":"fr-FR","@id":"https:\/\/www.locksearchgroup.com\/fr\/#\/schema\/logo\/image\/","url":"https:\/\/www.locksearchgroup.com\/wp-content\/uploads\/2021\/03\/Lock-Search-Group-English-Logo-500.png","contentUrl":"https:\/\/www.locksearchgroup.com\/wp-content\/uploads\/2021\/03\/Lock-Search-Group-English-Logo-500.png","width":500,"height":241,"caption":"Lock Search Group"},"image":{"@id":"https:\/\/www.locksearchgroup.com\/fr\/#\/schema\/logo\/image\/"},"sameAs":["https:\/\/www.facebook.com\/Lock-Search-Group-213975741984409\/","https:\/\/x.com\/LockSearchGroup","https:\/\/www.linkedin.com\/company-beta\/28792\/","https:\/\/www.youtube.com\/user\/LockSearchGroup","https:\/\/www.trustpilot.com\/review\/locksearchgroup.com","https:\/\/clutch.co\/profile\/lock-search-group","https:\/\/www.forbes.com\/companies\/lock-search-group\/?list=canada-best-executive-recruiting-firms"]}]}},"_links":{"self":[{"href":"https:\/\/www.locksearchgroup.com\/fr\/wp-json\/wp\/v2\/pages\/374","targetHints":{"allow":["GET"]}}],"collection":[{"href":"https:\/\/www.locksearchgroup.com\/fr\/wp-json\/wp\/v2\/pages"}],"about":[{"href":"https:\/\/www.locksearchgroup.com\/fr\/wp-json\/wp\/v2\/types\/page"}],"author":[{"embeddable":true,"href":"https:\/\/www.locksearchgroup.com\/fr\/wp-json\/wp\/v2\/users\/1"}],"replies":[{"embeddable":true,"href":"https:\/\/www.locksearchgroup.com\/fr\/wp-json\/wp\/v2\/comments?post=374"}],"version-history":[{"count":2,"href":"https:\/\/www.locksearchgroup.com\/fr\/wp-json\/wp\/v2\/pages\/374\/revisions"}],"predecessor-version":[{"id":6786,"href":"https:\/\/www.locksearchgroup.com\/fr\/wp-json\/wp\/v2\/pages\/374\/revisions\/6786"}],"wp:attachment":[{"href":"https:\/\/www.locksearchgroup.com\/fr\/wp-json\/wp\/v2\/media?parent=374"}],"curies":[{"name":"wp","href":"https:\/\/api.w.org\/{rel}","templated":true}]}}