{"id":6821,"date":"2017-04-06T19:25:59","date_gmt":"2017-04-06T19:25:59","guid":{"rendered":"http:\/\/www.locksearchgroup.com\/fr\/?page_id=6821"},"modified":"2017-04-06T19:25:59","modified_gmt":"2017-04-06T19:25:59","slug":"dans-la-communaute","status":"publish","type":"page","link":"https:\/\/www.locksearchgroup.com\/fr\/dans-la-communaute\/","title":{"rendered":"Dans la communaut\u00e9"},"content":{"rendered":"<h2>Redonner \u00e0 notre communaut\u00e9<\/h2>\n<p>Ron Brown (1953-2008) fut conseiller principal avec le Groupe Lock \u00e0 Calgary pendant plusieurs ann\u00e9es. Ron \u00e9tait une personne dynamique et tr\u00e8s appr\u00e9ci\u00e9e, qui a vraiment contribu\u00e9 au milieu des affaires de l&#8217;Alberta. Lors de son d\u00e9c\u00e8s tragique en 2008, nous avons d\u00e9cid\u00e9 de lui rendre hommage en cr\u00e9ant un fonds de bourses d&#8217;\u00e9tudes \u00e0 sa m\u00e9moire.<\/p>\n<p>Le Fonds de bourses d&#8217;\u00e9tudes Ron Brown (<em>The<\/em> <em>Ron Brown Scholarship Fund<\/em>) est un organisme de bienfaisance canadien enregistr\u00e9. Parmi nos activit\u00e9s de collecte de fonds, nous parrainons chaque ann\u00e9e le tournoi de p\u00eache \u00ab\u00a0Reeling for Ronnie\u00a0\u00bb. Ce tournoi organis\u00e9 depuis huit ans a permis d&#8217;amasser pr\u00e8s de 100 000 $.<\/p>\n<p>Toutes les sommes recueillies servent \u00e0 des bourses remises \u00e0 des \u00e9tudiants universitaires m\u00e9ritants qui n&#8217;auraient pas autrement acc\u00e8s \u00e0 une \u00e9ducation sup\u00e9rieure.<\/p>\n<p>Pour en savoir davantage sur nos bourses d&#8217;\u00e9tudes, consultez le lien suivant\u00a0:\u00a0<a href=\"http:\/\/ronbrownscholarshipfund.org\/\">http:\/\/ronbrownscholarshipfund.org\/<\/a><\/p>\n","protected":false},"excerpt":{"rendered":"<p>Redonner \u00e0 notre communaut\u00e9 Ron Brown (1953-2008) fut conseiller principal avec le Groupe Lock \u00e0 Calgary pendant plusieurs ann\u00e9es. Ron&#8230;<\/p>\n","protected":false},"author":1,"featured_media":0,"parent":0,"menu_order":0,"comment_status":"closed","ping_status":"closed","template":"","meta":{"_acf_changed":false,"inline_featured_image":false,"footnotes":""},"class_list":["post-6821","page","type-page","status-publish","hentry"],"acf":[],"yoast_head":"<!-- This site is optimized with the Yoast SEO plugin v27.6 - https:\/\/yoast.com\/product\/yoast-seo-wordpress\/ -->\n<title>Dans la communaut\u00e9 - Lock Search Group<\/title>\n<meta name=\"description\" content=\"Cliquez ici pour en savoir plus sur nos bourses d&#039;\u00e9tudes et sur la fa\u00e7on dont le Groupe Lock continue de redonner \u00e0 notre communaut\u00e9.\" \/>\n<meta name=\"robots\" content=\"index, follow, max-snippet:-1, max-image-preview:large, max-video-preview:-1\" \/>\n<link rel=\"canonical\" href=\"https:\/\/www.locksearchgroup.com\/fr\/dans-la-communaute\/\" \/>\n<meta property=\"og:locale\" content=\"fr_FR\" \/>\n<meta property=\"og:type\" content=\"article\" \/>\n<meta property=\"og:title\" content=\"Dans la communaut\u00e9 - Lock Search Group\" \/>\n<meta property=\"og:description\" content=\"Cliquez ici pour en savoir plus sur nos bourses d&#039;\u00e9tudes et sur la fa\u00e7on dont le Groupe Lock continue de redonner \u00e0 notre communaut\u00e9.\" \/>\n<meta property=\"og:url\" content=\"https:\/\/www.locksearchgroup.com\/fr\/dans-la-communaute\/\" \/>\n<meta property=\"og:site_name\" content=\"Lock Search Group\" \/>\n<meta property=\"article:publisher\" content=\"https:\/\/www.facebook.com\/Lock-Search-Group-213975741984409\/\" \/>\n<meta name=\"twitter:card\" content=\"summary_large_image\" \/>\n<meta name=\"twitter:site\" content=\"@LockSearchGroup\" \/>\n<meta name=\"twitter:label1\" content=\"Est. reading time\" \/>\n\t<meta name=\"twitter:data1\" content=\"1 minute\" \/>\n<script type=\"application\/ld+json\" class=\"yoast-schema-graph\">{\"@context\":\"https:\\\/\\\/schema.org\",\"@graph\":[{\"@type\":\"WebPage\",\"@id\":\"https:\\\/\\\/www.locksearchgroup.com\\\/fr\\\/dans-la-communaute\\\/\",\"url\":\"https:\\\/\\\/www.locksearchgroup.com\\\/fr\\\/dans-la-communaute\\\/\",\"name\":\"Dans la communaut\u00e9 - Lock Search Group\",\"isPartOf\":{\"@id\":\"https:\\\/\\\/www.locksearchgroup.com\\\/fr\\\/#website\"},\"datePublished\":\"2017-04-06T19:25:59+00:00\",\"description\":\"Cliquez ici pour en savoir plus sur nos bourses d'\u00e9tudes et sur la fa\u00e7on dont le Groupe Lock continue de redonner \u00e0 notre communaut\u00e9.\",\"breadcrumb\":{\"@id\":\"https:\\\/\\\/www.locksearchgroup.com\\\/fr\\\/dans-la-communaute\\\/#breadcrumb\"},\"inLanguage\":\"fr-FR\",\"potentialAction\":[{\"@type\":\"ReadAction\",\"target\":[\"https:\\\/\\\/www.locksearchgroup.com\\\/fr\\\/dans-la-communaute\\\/\"]}]},{\"@type\":\"BreadcrumbList\",\"@id\":\"https:\\\/\\\/www.locksearchgroup.com\\\/fr\\\/dans-la-communaute\\\/#breadcrumb\",\"itemListElement\":[{\"@type\":\"ListItem\",\"position\":1,\"name\":\"Home\",\"item\":\"https:\\\/\\\/www.locksearchgroup.com\\\/fr\\\/\"},{\"@type\":\"ListItem\",\"position\":2,\"name\":\"Dans la communaut\u00e9\"}]},{\"@type\":\"WebSite\",\"@id\":\"https:\\\/\\\/www.locksearchgroup.com\\\/fr\\\/#website\",\"url\":\"https:\\\/\\\/www.locksearchgroup.com\\\/fr\\\/\",\"name\":\"Lock Search Group\",\"description\":\"\",\"publisher\":{\"@id\":\"https:\\\/\\\/www.locksearchgroup.com\\\/fr\\\/#organization\"},\"potentialAction\":[{\"@type\":\"SearchAction\",\"target\":{\"@type\":\"EntryPoint\",\"urlTemplate\":\"https:\\\/\\\/www.locksearchgroup.com\\\/fr\\\/?s={search_term_string}\"},\"query-input\":{\"@type\":\"PropertyValueSpecification\",\"valueRequired\":true,\"valueName\":\"search_term_string\"}}],\"inLanguage\":\"fr-FR\"},{\"@type\":\"Organization\",\"@id\":\"https:\\\/\\\/www.locksearchgroup.com\\\/fr\\\/#organization\",\"name\":\"Lock Search Group\",\"url\":\"https:\\\/\\\/www.locksearchgroup.com\\\/fr\\\/\",\"logo\":{\"@type\":\"ImageObject\",\"inLanguage\":\"fr-FR\",\"@id\":\"https:\\\/\\\/www.locksearchgroup.com\\\/fr\\\/#\\\/schema\\\/logo\\\/image\\\/\",\"url\":\"https:\\\/\\\/www.locksearchgroup.com\\\/wp-content\\\/uploads\\\/2021\\\/03\\\/Lock-Search-Group-English-Logo-500.png\",\"contentUrl\":\"https:\\\/\\\/www.locksearchgroup.com\\\/wp-content\\\/uploads\\\/2021\\\/03\\\/Lock-Search-Group-English-Logo-500.png\",\"width\":500,\"height\":241,\"caption\":\"Lock Search Group\"},\"image\":{\"@id\":\"https:\\\/\\\/www.locksearchgroup.com\\\/fr\\\/#\\\/schema\\\/logo\\\/image\\\/\"},\"sameAs\":[\"https:\\\/\\\/www.facebook.com\\\/Lock-Search-Group-213975741984409\\\/\",\"https:\\\/\\\/x.com\\\/LockSearchGroup\",\"https:\\\/\\\/www.linkedin.com\\\/company-beta\\\/28792\\\/\",\"https:\\\/\\\/www.youtube.com\\\/user\\\/LockSearchGroup\",\"https:\\\/\\\/www.trustpilot.com\\\/review\\\/locksearchgroup.com\",\"https:\\\/\\\/clutch.co\\\/profile\\\/lock-search-group\",\"https:\\\/\\\/www.forbes.com\\\/companies\\\/lock-search-group\\\/?list=canada-best-executive-recruiting-firms\"]}]}<\/script>\n<!-- \/ Yoast SEO plugin. -->","yoast_head_json":{"title":"Dans la communaut\u00e9 - Lock Search Group","description":"Cliquez ici pour en savoir plus sur nos bourses d'\u00e9tudes et sur la fa\u00e7on dont le Groupe Lock continue de redonner \u00e0 notre communaut\u00e9.","robots":{"index":"index","follow":"follow","max-snippet":"max-snippet:-1","max-image-preview":"max-image-preview:large","max-video-preview":"max-video-preview:-1"},"canonical":"https:\/\/www.locksearchgroup.com\/fr\/dans-la-communaute\/","og_locale":"fr_FR","og_type":"article","og_title":"Dans la communaut\u00e9 - Lock Search Group","og_description":"Cliquez ici pour en savoir plus sur nos bourses d'\u00e9tudes et sur la fa\u00e7on dont le Groupe Lock continue de redonner \u00e0 notre communaut\u00e9.","og_url":"https:\/\/www.locksearchgroup.com\/fr\/dans-la-communaute\/","og_site_name":"Lock Search Group","article_publisher":"https:\/\/www.facebook.com\/Lock-Search-Group-213975741984409\/","twitter_card":"summary_large_image","twitter_site":"@LockSearchGroup","twitter_misc":{"Est. reading time":"1 minute"},"schema":{"@context":"https:\/\/schema.org","@graph":[{"@type":"WebPage","@id":"https:\/\/www.locksearchgroup.com\/fr\/dans-la-communaute\/","url":"https:\/\/www.locksearchgroup.com\/fr\/dans-la-communaute\/","name":"Dans la communaut\u00e9 - Lock Search Group","isPartOf":{"@id":"https:\/\/www.locksearchgroup.com\/fr\/#website"},"datePublished":"2017-04-06T19:25:59+00:00","description":"Cliquez ici pour en savoir plus sur nos bourses d'\u00e9tudes et sur la fa\u00e7on dont le Groupe Lock continue de redonner \u00e0 notre communaut\u00e9.","breadcrumb":{"@id":"https:\/\/www.locksearchgroup.com\/fr\/dans-la-communaute\/#breadcrumb"},"inLanguage":"fr-FR","potentialAction":[{"@type":"ReadAction","target":["https:\/\/www.locksearchgroup.com\/fr\/dans-la-communaute\/"]}]},{"@type":"BreadcrumbList","@id":"https:\/\/www.locksearchgroup.com\/fr\/dans-la-communaute\/#breadcrumb","itemListElement":[{"@type":"ListItem","position":1,"name":"Home","item":"https:\/\/www.locksearchgroup.com\/fr\/"},{"@type":"ListItem","position":2,"name":"Dans la communaut\u00e9"}]},{"@type":"WebSite","@id":"https:\/\/www.locksearchgroup.com\/fr\/#website","url":"https:\/\/www.locksearchgroup.com\/fr\/","name":"Lock Search Group","description":"","publisher":{"@id":"https:\/\/www.locksearchgroup.com\/fr\/#organization"},"potentialAction":[{"@type":"SearchAction","target":{"@type":"EntryPoint","urlTemplate":"https:\/\/www.locksearchgroup.com\/fr\/?s={search_term_string}"},"query-input":{"@type":"PropertyValueSpecification","valueRequired":true,"valueName":"search_term_string"}}],"inLanguage":"fr-FR"},{"@type":"Organization","@id":"https:\/\/www.locksearchgroup.com\/fr\/#organization","name":"Lock Search Group","url":"https:\/\/www.locksearchgroup.com\/fr\/","logo":{"@type":"ImageObject","inLanguage":"fr-FR","@id":"https:\/\/www.locksearchgroup.com\/fr\/#\/schema\/logo\/image\/","url":"https:\/\/www.locksearchgroup.com\/wp-content\/uploads\/2021\/03\/Lock-Search-Group-English-Logo-500.png","contentUrl":"https:\/\/www.locksearchgroup.com\/wp-content\/uploads\/2021\/03\/Lock-Search-Group-English-Logo-500.png","width":500,"height":241,"caption":"Lock Search Group"},"image":{"@id":"https:\/\/www.locksearchgroup.com\/fr\/#\/schema\/logo\/image\/"},"sameAs":["https:\/\/www.facebook.com\/Lock-Search-Group-213975741984409\/","https:\/\/x.com\/LockSearchGroup","https:\/\/www.linkedin.com\/company-beta\/28792\/","https:\/\/www.youtube.com\/user\/LockSearchGroup","https:\/\/www.trustpilot.com\/review\/locksearchgroup.com","https:\/\/clutch.co\/profile\/lock-search-group","https:\/\/www.forbes.com\/companies\/lock-search-group\/?list=canada-best-executive-recruiting-firms"]}]}},"_links":{"self":[{"href":"https:\/\/www.locksearchgroup.com\/fr\/wp-json\/wp\/v2\/pages\/6821","targetHints":{"allow":["GET"]}}],"collection":[{"href":"https:\/\/www.locksearchgroup.com\/fr\/wp-json\/wp\/v2\/pages"}],"about":[{"href":"https:\/\/www.locksearchgroup.com\/fr\/wp-json\/wp\/v2\/types\/page"}],"author":[{"embeddable":true,"href":"https:\/\/www.locksearchgroup.com\/fr\/wp-json\/wp\/v2\/users\/1"}],"replies":[{"embeddable":true,"href":"https:\/\/www.locksearchgroup.com\/fr\/wp-json\/wp\/v2\/comments?post=6821"}],"version-history":[{"count":1,"href":"https:\/\/www.locksearchgroup.com\/fr\/wp-json\/wp\/v2\/pages\/6821\/revisions"}],"predecessor-version":[{"id":6825,"href":"https:\/\/www.locksearchgroup.com\/fr\/wp-json\/wp\/v2\/pages\/6821\/revisions\/6825"}],"wp:attachment":[{"href":"https:\/\/www.locksearchgroup.com\/fr\/wp-json\/wp\/v2\/media?parent=6821"}],"curies":[{"name":"wp","href":"https:\/\/api.w.org\/{rel}","templated":true}]}}